{"id":6,"date":"2025-08-28T12:44:00","date_gmt":"2025-08-28T12:44:00","guid":{"rendered":"https:\/\/cursuriservis.com\/?page_id=6"},"modified":"2025-09-05T16:23:28","modified_gmt":"2025-09-05T16:23:28","slug":"home","status":"publish","type":"page","link":"https:\/\/cursuriservis.com\/","title":{"rendered":"Cursuri SERVIS"},"content":{"rendered":"<section class=\"l-section wpb_row height_small\"><div class=\"l-section-h i-cf\"><div class=\"g-cols vc_row via_grid cols_1 laptops-cols_inherit tablets-cols_inherit mobiles-cols_1 valign_top type_default stacking_default\"><div class=\"wpb_column vc_column_container us_custom_35f894ec\"><div class=\"vc_column-inner\"><div class=\"w-image align_center\"><div class=\"w-image-h\"><img decoding=\"async\" width=\"1008\" height=\"154\" src=\"https:\/\/cursuriservis.com\/wp-content\/uploads\/cofinantat-ue-gov-ro.png\" class=\"attachment-full size-full\" alt=\"\" loading=\"lazy\" srcset=\"https:\/\/cursuriservis.com\/wp-content\/uploads\/cofinantat-ue-gov-ro.png 1008w, https:\/\/cursuriservis.com\/wp-content\/uploads\/cofinantat-ue-gov-ro-300x46.png 300w\" sizes=\"auto, (max-width: 1008px) 100vw, 1008px\" \/><\/div><\/div><\/div><\/div><\/div><\/div><\/section><section class=\"l-section wpb_row height_medium\"><div class=\"l-section-h i-cf\"><div class=\"g-cols vc_row via_grid cols_1 laptops-cols_inherit tablets-cols_inherit mobiles-cols_1 valign_top type_default stacking_default\"><div class=\"wpb_column vc_column_container\"><div class=\"vc_column-inner\"><div class=\"w-iconbox iconpos_top style_default color_primary align_none\"><div class=\"w-iconbox-icon\" style=\"font-size:3rem;\"><i class=\"material-icons\">analytics<\/i><\/div><div class=\"w-iconbox-meta\"><h4 class=\"w-iconbox-title\">Proiect: SERVIS \u2013 Servicii integrate pentru \u0219omeri<\/h4><div class=\"w-iconbox-text\"><p>Cod proiect: <strong>335343<\/strong><br \/>\nApel: <strong>PEO\/409\/PEO_P3\/OP4\/ESO4.1\/PEO_A32<\/strong><br \/>\nPerioada de desf\u0103\u0219urare: <strong>01.09.2025 \u2013 31.08.2028<\/strong><br \/>\nValoare total\u0103: <strong>4.924.631,85 RON<\/strong><br \/>\n\u2022 Finan\u021bare: <strong>4.517.322,00 RON<\/strong><br \/>\n\u2022 Contribu\u021bie proprie: <strong>407.309,85 RON<\/strong><\/p>\n<\/div><\/div><\/div><div class=\"w-separator size_large\"><\/div><div class=\"w-hwrapper valign_top stack_on_mobiles align_none\"><div class=\"w-iconbox us_custom_f0854459 iconpos_left style_default color_primary align_none\"><div class=\"w-iconbox-icon\" style=\"font-size:3rem;\"><i class=\"material-icons\">api<\/i><\/div><div class=\"w-iconbox-meta\"><h4 class=\"w-iconbox-title\">Beneficiar<\/h4><div class=\"w-iconbox-text\"><p><strong>Centrul de Consultan\u021b\u0103 \u0219i Studii Europene S.R.L. (CCSE)<\/strong><\/p>\n<ul>\n<li>\u00cenfiin\u021bat \u00een 2005, cod CAEN 8559 \u2013 alte forme de \u00eenv\u0103\u021b\u0103m\u00e2nt.<\/li>\n<li>Experien\u021b\u0103: 18 ani \u00een formare profesional\u0103 pentru adul\u021bi.<\/li>\n<li>Rezultate: peste <strong>135.000 absolven\u021bi<\/strong> \u0219i peste <strong>140 programe de formare<\/strong>.<\/li>\n<li>Proiecte: 52 implementate ca partener, 9 ca solicitant.<\/li>\n<li>Expertiz\u0103: campanii de con\u0219tientizare, programe de formare, consiliere, sprijin pentru ini\u021bierea afacerilor \u0219i mediere pe pia\u021ba muncii.<\/li>\n<\/ul>\n<\/div><\/div><\/div><div class=\"w-iconbox us_custom_f0854459 iconpos_left style_default color_primary align_none\"><div class=\"w-iconbox-icon\" style=\"font-size:3rem;\"><i class=\"material-icons\">support_agent<\/i><\/div><div class=\"w-iconbox-meta\"><h4 class=\"w-iconbox-title\">Partener<\/h4><div class=\"w-iconbox-text\"><p><strong>Agen\u021bia Jude\u021bean\u0103 pentru Ocuparea For\u021bei de Munc\u0103 Gala\u021bi<\/strong><\/p>\n<ul>\n<li>Activ\u0103 din ianuarie 1999, conform Legii nr. 145\/1998.<\/li>\n<li>Activit\u0103\u021bi principale: informare \u0219i consiliere profesional\u0103,\u00a0mediere \u0219i burse de locuri de munc\u0103,\u00a0formare profesional\u0103,\u00a0consultan\u021b\u0103 pentru ini\u021bierea unei afaceri, completarea veniturilor beneficiarilor de \u0219omaj,\u00a0stimularea mobilit\u0103\u021bii \u0219i a angaj\u0103rii \u0219omerilor,\u00a0acreditarea furnizorilor de servicii,\u00a0plata drepturilor sociale,\u00a0informare \u0219i consiliere EURES,\u00a0implementarea proiectelor cu fonduri europene.<\/li>\n<\/ul>\n<\/div><\/div><\/div><\/div><\/div><\/div><\/div><\/div><\/section><section class=\"l-section wpb_row height_medium with_shape\"><div class=\"l-section-shape type_custom pos_bottom\" style=\"height:33%;color:var(--color-content-bg-alt)\"><svg xmlns=\"http:\/\/www.w3.org\/2000\/svg\" viewBox=\"0 0 64 8\" preserveAspectRatio=\"none\" width=\"100%\" height=\"100%\">\r\n\t<path fill=\"currentColor\" d=\"M64 8 L0 8 L0 0 L64 0 Z\"\/>\r\n<\/svg><\/div><div class=\"l-section-h i-cf\"><div class=\"g-cols vc_row via_grid cols_1 laptops-cols_inherit tablets-cols_inherit mobiles-cols_1 valign_top type_default stacking_default\"><div class=\"wpb_column vc_column_container\"><div class=\"vc_column-inner\"><div class=\"wpb_text_column\"><div class=\"wpb_wrapper\"><h2 style=\"text-align: center;\">Afl\u0103 dac\u0103 e\u0219ti eligibil \u0219i \u00eenscrie-te!<\/h2>\n<\/div><\/div><div class=\"w-separator size_small\"><\/div><div class=\"wpb_text_column us_custom_cb6a3328\"><div class=\"wpb_wrapper\"><p>persoane inactive \u2022 \u0219omeri (inclusiv de lung\u0103 durat\u0103, cu competen\u021be reduse) \u2022 tineri peste 30 ani \u2022 persoane cu dizabilit\u0103\u021bi \u2022 persoane marginalizate \u2022 persoane din zone rurale \u2022 persoane peste 55 ani \u2022 minorit\u0103\u021bi \u2022 persoane eliberate din deten\u021bie (\u226412 luni) \u2022 refugia\u021bi \/ beneficiari protec\u021bie interna\u021bional\u0103<\/p>\n<\/div><\/div><div class=\"w-separator size_medium\"><\/div><div class=\"g-cols wpb_row via_grid cols_1 laptops-cols_inherit tablets-cols_inherit mobiles-cols_1 valign_top type_default stacking_default\" style=\"--columns-gap:2rem;\"><div class=\"wpb_column vc_column_container us_custom_4d3ebbfb has_bg_color\"><div class=\"vc_column-inner\"><div class=\"wpb_text_column\"><div class=\"wpb_wrapper\"><h4>Documentele necesare \u00eenscrierii \u00een grupul \u021bint\u0103<\/h4>\n<p>\u2022 Chestionar de nevoi profesionale.<br \/>\n\u2022 Formular de \u00eenscriere.<br \/>\n\u2022 Declara\u021bie GDPR.<br \/>\n\u2022 Copii certificate: CI, certificat na\u0219tere, certificat c\u0103s\u0103torie (dac\u0103 e cazul), ultima diplom\u0103 de studii.<\/p>\n<\/div><\/div><\/div><\/div><\/div><\/div><\/div><\/div><\/div><\/section><section class=\"l-section wpb_row us_custom_c70c97eb height_medium\"><div class=\"l-section-h i-cf\"><div class=\"g-cols vc_row via_grid cols_1 laptops-cols_inherit tablets-cols_inherit mobiles-cols_1 valign_middle type_default stacking_default\"><div class=\"wpb_column vc_column_container us_custom_2c45f91b\"><div class=\"vc_column-inner\"><div class=\"wpb_text_column us_custom_eb849559\"><div class=\"wpb_wrapper\"><h2>Completeaz\u0103 formularul <strong><span style=\"color: var(--color-content-link);\">ON-LINE<\/span> \u0219i te vom contacta noi<\/strong><\/h2>\n<p>Responsabilitatea complet\u0103rii dosarului revine candidatului. Cursurile se desf\u0103\u0219oar\u0103 on-line (prin Zoom) sau fizic, \u00een s\u0103li dotate corespunz\u0103tor.<\/p>\n<\/div><\/div><div class=\"w-separator size_small\"><\/div><div class=\"w-btn-wrapper align_center\"><a class=\"w-btn us-btn-style_1\" href=\"?page_id=36\"><span class=\"w-btn-label\">\u00censcrie-te ACUM!<\/span><\/a><\/div><div class=\"w-separator size_medium\"><\/div><\/div><\/div><\/div><\/div><\/section>\n","protected":false},"excerpt":{"rendered":"analyticsProiect: SERVIS \u2013 Servicii integrate pentru \u0219omeriCod proiect: 335343 Apel: PEO\/409\/PEO_P3\/OP4\/ESO4.1\/PEO_A32 Perioada de desf\u0103\u0219urare: 01.09.2025 \u2013 31.08.2028 Valoare total\u0103: 4.924.631,85 RON \u2022 Finan\u021bare: 4.517.322,00 RON \u2022 Contribu\u021bie proprie: 407.309,85 RON apiBeneficiarCentrul de Consultan\u021b\u0103 \u0219i Studii Europene S.R.L. (CCSE) \u00cenfiin\u021bat \u00een 2005, cod CAEN 8559 \u2013 alte forme de \u00eenv\u0103\u021b\u0103m\u00e2nt. Experien\u021b\u0103: 18 ani \u00een formare profesional\u0103...","protected":false},"author":1,"featured_media":0,"parent":0,"menu_order":0,"comment_status":"closed","ping_status":"closed","template":"","meta":{"footnotes":""},"class_list":["post-6","page","type-page","status-publish","hentry"],"_links":{"self":[{"href":"https:\/\/cursuriservis.com\/index.php?rest_route=\/wp\/v2\/pages\/6","targetHints":{"allow":["GET"]}}],"collection":[{"href":"https:\/\/cursuriservis.com\/index.php?rest_route=\/wp\/v2\/pages"}],"about":[{"href":"https:\/\/cursuriservis.com\/index.php?rest_route=\/wp\/v2\/types\/page"}],"author":[{"embeddable":true,"href":"https:\/\/cursuriservis.com\/index.php?rest_route=\/wp\/v2\/users\/1"}],"replies":[{"embeddable":true,"href":"https:\/\/cursuriservis.com\/index.php?rest_route=%2Fwp%2Fv2%2Fcomments&post=6"}],"version-history":[{"count":38,"href":"https:\/\/cursuriservis.com\/index.php?rest_route=\/wp\/v2\/pages\/6\/revisions"}],"predecessor-version":[{"id":164,"href":"https:\/\/cursuriservis.com\/index.php?rest_route=\/wp\/v2\/pages\/6\/revisions\/164"}],"wp:attachment":[{"href":"https:\/\/cursuriservis.com\/index.php?rest_route=%2Fwp%2Fv2%2Fmedia&parent=6"}],"curies":[{"name":"wp","href":"https:\/\/api.w.org\/{rel}","templated":true}]}}