{"id":100,"date":"2025-09-05T11:10:58","date_gmt":"2025-09-05T11:10:58","guid":{"rendered":"https:\/\/cursuriservis.com\/?page_id=100"},"modified":"2025-09-05T11:26:11","modified_gmt":"2025-09-05T11:26:11","slug":"despre","status":"publish","type":"page","link":"https:\/\/cursuriservis.com\/?page_id=100","title":{"rendered":"Despre"},"content":{"rendered":"<section class=\"l-section wpb_row height_medium with_shape\"><div class=\"l-section-shape type_custom pos_bottom\" style=\"height:33%;color:var(--color-content-bg-alt)\"><svg xmlns=\"http:\/\/www.w3.org\/2000\/svg\" viewBox=\"0 0 64 8\" preserveAspectRatio=\"none\" width=\"100%\" height=\"100%\">\r\n\t<path fill=\"currentColor\" d=\"M64 8 L0 8 L0 0 L64 0 Z\"\/>\r\n<\/svg><\/div><div class=\"l-section-h i-cf\"><div class=\"g-cols vc_row via_grid cols_1 laptops-cols_inherit tablets-cols_inherit mobiles-cols_1 valign_top type_default stacking_default\"><div class=\"wpb_column vc_column_container\"><div class=\"vc_column-inner\"><div class=\"wpb_text_column\"><div class=\"wpb_wrapper\"><h2 style=\"text-align: center;\">Despre Centrul de Consultan\u021b\u0103 \u0219i Studii Europene SRL<\/h2>\n<\/div><\/div><div class=\"w-separator size_small\"><\/div><div class=\"wpb_text_column\"><div class=\"wpb_wrapper\"><p><img loading=\"lazy\" decoding=\"async\" class=\"alignright size-full wp-image-147\" src=\"https:\/\/cursuriservis.com\/wp-content\/uploads\/despre-ccse.jpg\" alt=\"\" width=\"228\" height=\"221\" \/>Centrul de Consultan\u021b\u0103 \u0219i Studii Europene S.R.L. a luat fiin\u021b\u0103 \u00een 2005, av\u00e2nd ca obiect principal de activitate conform Codului CAEN 8559 \u2013 alte forme de \u00eenv\u0103\u021b\u0103m\u00e2nt. Compania se axeaz\u0103 pe furnizarea de servicii de formare profesional\u0103, completate de servicii de informare \u0219i consiliere, oferind astfel solu\u021bii concrete \u0219i pentru domeniul medierii muncii. De-a lungul timpului, CCSE a fost implicat\u0103 \u00een 52 de proiecte ca partener cu finan\u021bare extern\u0103 \u0219i a implementat 9 proiecte \u00een calitate de solicitant.<\/p>\n<p>Cu o experient\u0103 de 18 ani \u00een domeniul form\u0103rii profesionale pentru adul\u021bi, CCSE a avut peste 135.000 de absolven\u021bi \u0219i a dezvoltat peste 140 de programe de formare profesional\u0103. Aceast\u0103 bogat\u0103 experien\u021b\u0103 a fost consolidat\u0103 prin participarea la diverse proiecte cu finan\u021bare extern\u0103, at\u00e2t \u00een calitate de solicitant, c\u00e2t \u0219i de partener, \u0219i prin \u00eencheierea a peste 20 de contracte de prest\u0103ri servicii cu institu\u021bii publice \u0219i \u00eentreprinderi private.<\/p>\n<p>Astfel, expertiza CCSE \u00een campaniile de con\u0219tientizare, implementarea programelor de formare profesional\u0103 \u0219i furnizarea serviciilor de consiliere \u0219i asisten\u021b\u0103 pentru ini\u021bierea activit\u0103\u021bilor independente, precum \u0219i \u00een facilitarea \u00eenfiin\u021b\u0103rii \u0219i demar\u0103rii \u00eentreprinderilor, este solid fundamentat\u0103 \u00een participarea activ\u0103 la proiecte variate \u0219i colaborarea cu diverse entit\u0103\u021bi publice \u0219i private.<\/p>\n<p><a href=\"https:\/\/cursuriccse.ro\/\">mai mult: www.cursuriccse.ro<\/a><\/p>\n<\/div><\/div><\/div><\/div><\/div><\/div><\/section>\n","protected":false},"excerpt":{"rendered":"Despre Centrul de Consultan\u021b\u0103 \u0219i Studii Europene SRL Centrul de Consultan\u021b\u0103 \u0219i Studii Europene S.R.L. a luat fiin\u021b\u0103 \u00een 2005, av\u00e2nd ca obiect principal de activitate conform Codului CAEN 8559 \u2013 alte forme de \u00eenv\u0103\u021b\u0103m\u00e2nt. Compania se axeaz\u0103 pe furnizarea de servicii de formare profesional\u0103, completate de servicii de informare \u0219i consiliere, oferind astfel solu\u021bii...","protected":false},"author":1,"featured_media":0,"parent":0,"menu_order":0,"comment_status":"closed","ping_status":"closed","template":"","meta":{"footnotes":""},"class_list":["post-100","page","type-page","status-publish","hentry"],"_links":{"self":[{"href":"https:\/\/cursuriservis.com\/index.php?rest_route=\/wp\/v2\/pages\/100","targetHints":{"allow":["GET"]}}],"collection":[{"href":"https:\/\/cursuriservis.com\/index.php?rest_route=\/wp\/v2\/pages"}],"about":[{"href":"https:\/\/cursuriservis.com\/index.php?rest_route=\/wp\/v2\/types\/page"}],"author":[{"embeddable":true,"href":"https:\/\/cursuriservis.com\/index.php?rest_route=\/wp\/v2\/users\/1"}],"replies":[{"embeddable":true,"href":"https:\/\/cursuriservis.com\/index.php?rest_route=%2Fwp%2Fv2%2Fcomments&post=100"}],"version-history":[{"count":5,"href":"https:\/\/cursuriservis.com\/index.php?rest_route=\/wp\/v2\/pages\/100\/revisions"}],"predecessor-version":[{"id":148,"href":"https:\/\/cursuriservis.com\/index.php?rest_route=\/wp\/v2\/pages\/100\/revisions\/148"}],"wp:attachment":[{"href":"https:\/\/cursuriservis.com\/index.php?rest_route=%2Fwp%2Fv2%2Fmedia&parent=100"}],"curies":[{"name":"wp","href":"https:\/\/api.w.org\/{rel}","templated":true}]}}